{"id":112,"date":"2023-05-27T20:45:22","date_gmt":"2023-05-27T23:45:22","guid":{"rendered":"https:\/\/farmaciadebora.com\/?post_type=product&#038;p=112"},"modified":"2025-12-31T09:03:28","modified_gmt":"2025-12-31T12:03:28","slug":"perda-de-peso","status":"publish","type":"product","link":"https:\/\/farmaciadebora.com\/index.php\/product\/perda-de-peso\/","title":{"rendered":"Perda de Peso &#8211; \ud83d\udea830% DE DESCONTO\ud83d\udea8"},"content":{"rendered":"<p><strong>Composto natural, criado para quem procura um aux\u00edlio na perda de peso :<\/strong><\/p>\n<p>&nbsp;<\/p>\n<p><strong>Gengibre<\/strong>\u00a0em p\u00f3\u00a0\u00e9 um poderoso termog\u00eanico que conta tamb\u00e9m com a\u00e7\u00e3o bactericida e causa efeitos no sistema respirat\u00f3rio e circulat\u00f3rio. Al\u00e9m de ser muito utilizado no preparo de pratos da culin\u00e1ria oriental, ele tamb\u00e9m complementar shakes para praticantes de atividades f\u00edsicas.<\/p>\n<p><strong>Ch\u00e1 Verde<\/strong>\u00a0\u00e9 um termog\u00eanico natural, que favorece o maior uso da gordura corporal com fonte energ\u00e9tica. O Ch\u00e1 Verde contribui na obten\u00e7\u00e3o de um corpo em forma e auxilia na melhora da disposi\u00e7\u00e3o di\u00e1ria<\/p>\n<p><strong>Capscium<\/strong> \u00a0auxilia no gerenciamento do peso; \u00a0Aumento de termog\u00eanese e do consumo de energia corporal; Promove o metabolismo energ\u00e9tico e diminui o ac\u00famulo de gordura, Eleva a temperatura corporal, o consumo de oxig\u00eanio em humanos e, consequentemente, a acelera\u00e7\u00e3o do metabolismo lip\u00eddico<\/p>\n<p>&nbsp;<\/p>\n<p><strong>Composi\u00e7\u00e3o:<\/strong><\/p>\n<p>Gengibre em p\u00f3 500 mg, Cha verde 200mg , Capsici 3mg<\/p>\n<p>Modo de usar:<\/p>\n<p>Tomar 1 dose ao dia &#8211; 30 c\u00e1psulas<\/p>\n","protected":false},"excerpt":{"rendered":"<p>Composto natural, criado para quem procura um aux\u00edlio na perda de peso : &nbsp; Gengibre\u00a0em p\u00f3\u00a0\u00e9 um poderoso termog\u00eanico que conta tamb\u00e9m com a\u00e7\u00e3o bactericida e causa efeitos no sistema respirat\u00f3rio e circulat\u00f3rio. Al\u00e9m de ser muito utilizado no preparo de pratos da culin\u00e1ria oriental, ele tamb\u00e9m complementar shakes para praticantes de atividades f\u00edsicas. Ch\u00e1 [&hellip;]<\/p>\n","protected":false},"featured_media":73,"comment_status":"open","ping_status":"closed","template":"","meta":[],"product_cat":[16],"product_tag":[],"yoast_head":"<!-- This site is optimized with the Yoast SEO plugin v21.4 - https:\/\/yoast.com\/wordpress\/plugins\/seo\/ -->\n<title>Perda de Peso - \ud83d\udea830% DE DESCONTO\ud83d\udea8 - Farm\u00e1cia D\u00e9bora<\/title>\n<meta name=\"robots\" content=\"index, follow, max-snippet:-1, max-image-preview:large, max-video-preview:-1\" \/>\n<link rel=\"canonical\" href=\"https:\/\/farmaciadebora.com\/index.php\/product\/perda-de-peso\/\" \/>\n<meta property=\"og:locale\" content=\"pt_BR\" \/>\n<meta property=\"og:type\" content=\"article\" \/>\n<meta property=\"og:title\" content=\"Perda de Peso - \ud83d\udea830% DE DESCONTO\ud83d\udea8 - Farm\u00e1cia D\u00e9bora\" \/>\n<meta property=\"og:description\" content=\"Composto natural, criado para quem procura um aux\u00edlio na perda de peso : &nbsp; Gengibre\u00a0em p\u00f3\u00a0\u00e9 um poderoso termog\u00eanico que conta tamb\u00e9m com a\u00e7\u00e3o bactericida e causa efeitos no sistema respirat\u00f3rio e circulat\u00f3rio. Al\u00e9m de ser muito utilizado no preparo de pratos da culin\u00e1ria oriental, ele tamb\u00e9m complementar shakes para praticantes de atividades f\u00edsicas. Ch\u00e1 [&hellip;]\" \/>\n<meta property=\"og:url\" content=\"https:\/\/farmaciadebora.com\/index.php\/product\/perda-de-peso\/\" \/>\n<meta property=\"og:site_name\" content=\"Farm\u00e1cia D\u00e9bora\" \/>\n<meta property=\"article:publisher\" content=\"https:\/\/www.facebook.com\/farmaciadebora\" \/>\n<meta property=\"article:modified_time\" content=\"2025-12-31T12:03:28+00:00\" \/>\n<meta property=\"og:image\" content=\"http:\/\/farmaciadebora.com\/wp-content\/uploads\/2023\/05\/perda-de-peso.png\" \/>\n\t<meta property=\"og:image:width\" content=\"550\" \/>\n\t<meta property=\"og:image:height\" content=\"550\" \/>\n\t<meta property=\"og:image:type\" content=\"image\/png\" \/>\n<meta name=\"twitter:card\" content=\"summary_large_image\" \/>\n<meta name=\"twitter:label1\" content=\"Est. tempo de leitura\" \/>\n\t<meta name=\"twitter:data1\" content=\"1 minuto\" \/>\n<script type=\"application\/ld+json\" class=\"yoast-schema-graph\">{\"@context\":\"https:\/\/schema.org\",\"@graph\":[{\"@type\":\"WebPage\",\"@id\":\"https:\/\/farmaciadebora.com\/index.php\/product\/perda-de-peso\/\",\"url\":\"https:\/\/farmaciadebora.com\/index.php\/product\/perda-de-peso\/\",\"name\":\"Perda de Peso - \ud83d\udea830% DE DESCONTO\ud83d\udea8 - Farm\u00e1cia D\u00e9bora\",\"isPartOf\":{\"@id\":\"https:\/\/farmaciadebora.com\/#website\"},\"datePublished\":\"2023-05-27T23:45:22+00:00\",\"dateModified\":\"2025-12-31T12:03:28+00:00\",\"breadcrumb\":{\"@id\":\"https:\/\/farmaciadebora.com\/index.php\/product\/perda-de-peso\/#breadcrumb\"},\"inLanguage\":\"pt-BR\",\"potentialAction\":[{\"@type\":\"ReadAction\",\"target\":[\"https:\/\/farmaciadebora.com\/index.php\/product\/perda-de-peso\/\"]}]},{\"@type\":\"BreadcrumbList\",\"@id\":\"https:\/\/farmaciadebora.com\/index.php\/product\/perda-de-peso\/#breadcrumb\",\"itemListElement\":[{\"@type\":\"ListItem\",\"position\":1,\"name\":\"In\u00edcio\",\"item\":\"https:\/\/farmaciadebora.com\/\"},{\"@type\":\"ListItem\",\"position\":2,\"name\":\"Shop\",\"item\":\"https:\/\/farmaciadebora.com\/index.php\/shop\/\"},{\"@type\":\"ListItem\",\"position\":3,\"name\":\"Perda de Peso &#8211; \ud83d\udea830% DE DESCONTO\ud83d\udea8\"}]},{\"@type\":\"WebSite\",\"@id\":\"https:\/\/farmaciadebora.com\/#website\",\"url\":\"https:\/\/farmaciadebora.com\/\",\"name\":\"Farm\u00e1cia D\u00e9bora\",\"description\":\"Manipulados com o melhor pre\u00e7o\",\"publisher\":{\"@id\":\"https:\/\/farmaciadebora.com\/#organization\"},\"potentialAction\":[{\"@type\":\"SearchAction\",\"target\":{\"@type\":\"EntryPoint\",\"urlTemplate\":\"https:\/\/farmaciadebora.com\/?s={search_term_string}\"},\"query-input\":\"required name=search_term_string\"}],\"inLanguage\":\"pt-BR\"},{\"@type\":\"Organization\",\"@id\":\"https:\/\/farmaciadebora.com\/#organization\",\"name\":\"Farm\u00e1cia D\u00e9bora\",\"url\":\"https:\/\/farmaciadebora.com\/\",\"logo\":{\"@type\":\"ImageObject\",\"inLanguage\":\"pt-BR\",\"@id\":\"https:\/\/farmaciadebora.com\/#\/schema\/logo\/image\/\",\"url\":\"https:\/\/farmaciadebora.com\/wp-content\/uploads\/2023\/05\/cropped-cropped-base_0000_logo.png\",\"contentUrl\":\"https:\/\/farmaciadebora.com\/wp-content\/uploads\/2023\/05\/cropped-cropped-base_0000_logo.png\",\"width\":614,\"height\":135,\"caption\":\"Farm\u00e1cia D\u00e9bora\"},\"image\":{\"@id\":\"https:\/\/farmaciadebora.com\/#\/schema\/logo\/image\/\"},\"sameAs\":[\"https:\/\/www.facebook.com\/farmaciadebora\",\"https:\/\/www.instagram.com\/farmacia_debora\/\"]}]}<\/script>\n<!-- \/ Yoast SEO plugin. -->","yoast_head_json":{"title":"Perda de Peso - \ud83d\udea830% DE DESCONTO\ud83d\udea8 - Farm\u00e1cia D\u00e9bora","robots":{"index":"index","follow":"follow","max-snippet":"max-snippet:-1","max-image-preview":"max-image-preview:large","max-video-preview":"max-video-preview:-1"},"canonical":"https:\/\/farmaciadebora.com\/index.php\/product\/perda-de-peso\/","og_locale":"pt_BR","og_type":"article","og_title":"Perda de Peso - \ud83d\udea830% DE DESCONTO\ud83d\udea8 - Farm\u00e1cia D\u00e9bora","og_description":"Composto natural, criado para quem procura um aux\u00edlio na perda de peso : &nbsp; Gengibre\u00a0em p\u00f3\u00a0\u00e9 um poderoso termog\u00eanico que conta tamb\u00e9m com a\u00e7\u00e3o bactericida e causa efeitos no sistema respirat\u00f3rio e circulat\u00f3rio. Al\u00e9m de ser muito utilizado no preparo de pratos da culin\u00e1ria oriental, ele tamb\u00e9m complementar shakes para praticantes de atividades f\u00edsicas. Ch\u00e1 [&hellip;]","og_url":"https:\/\/farmaciadebora.com\/index.php\/product\/perda-de-peso\/","og_site_name":"Farm\u00e1cia D\u00e9bora","article_publisher":"https:\/\/www.facebook.com\/farmaciadebora","article_modified_time":"2025-12-31T12:03:28+00:00","og_image":[{"width":550,"height":550,"url":"http:\/\/farmaciadebora.com\/wp-content\/uploads\/2023\/05\/perda-de-peso.png","type":"image\/png"}],"twitter_card":"summary_large_image","twitter_misc":{"Est. tempo de leitura":"1 minuto"},"schema":{"@context":"https:\/\/schema.org","@graph":[{"@type":"WebPage","@id":"https:\/\/farmaciadebora.com\/index.php\/product\/perda-de-peso\/","url":"https:\/\/farmaciadebora.com\/index.php\/product\/perda-de-peso\/","name":"Perda de Peso - \ud83d\udea830% DE DESCONTO\ud83d\udea8 - Farm\u00e1cia D\u00e9bora","isPartOf":{"@id":"https:\/\/farmaciadebora.com\/#website"},"datePublished":"2023-05-27T23:45:22+00:00","dateModified":"2025-12-31T12:03:28+00:00","breadcrumb":{"@id":"https:\/\/farmaciadebora.com\/index.php\/product\/perda-de-peso\/#breadcrumb"},"inLanguage":"pt-BR","potentialAction":[{"@type":"ReadAction","target":["https:\/\/farmaciadebora.com\/index.php\/product\/perda-de-peso\/"]}]},{"@type":"BreadcrumbList","@id":"https:\/\/farmaciadebora.com\/index.php\/product\/perda-de-peso\/#breadcrumb","itemListElement":[{"@type":"ListItem","position":1,"name":"In\u00edcio","item":"https:\/\/farmaciadebora.com\/"},{"@type":"ListItem","position":2,"name":"Shop","item":"https:\/\/farmaciadebora.com\/index.php\/shop\/"},{"@type":"ListItem","position":3,"name":"Perda de Peso &#8211; \ud83d\udea830% DE DESCONTO\ud83d\udea8"}]},{"@type":"WebSite","@id":"https:\/\/farmaciadebora.com\/#website","url":"https:\/\/farmaciadebora.com\/","name":"Farm\u00e1cia D\u00e9bora","description":"Manipulados com o melhor pre\u00e7o","publisher":{"@id":"https:\/\/farmaciadebora.com\/#organization"},"potentialAction":[{"@type":"SearchAction","target":{"@type":"EntryPoint","urlTemplate":"https:\/\/farmaciadebora.com\/?s={search_term_string}"},"query-input":"required name=search_term_string"}],"inLanguage":"pt-BR"},{"@type":"Organization","@id":"https:\/\/farmaciadebora.com\/#organization","name":"Farm\u00e1cia D\u00e9bora","url":"https:\/\/farmaciadebora.com\/","logo":{"@type":"ImageObject","inLanguage":"pt-BR","@id":"https:\/\/farmaciadebora.com\/#\/schema\/logo\/image\/","url":"https:\/\/farmaciadebora.com\/wp-content\/uploads\/2023\/05\/cropped-cropped-base_0000_logo.png","contentUrl":"https:\/\/farmaciadebora.com\/wp-content\/uploads\/2023\/05\/cropped-cropped-base_0000_logo.png","width":614,"height":135,"caption":"Farm\u00e1cia D\u00e9bora"},"image":{"@id":"https:\/\/farmaciadebora.com\/#\/schema\/logo\/image\/"},"sameAs":["https:\/\/www.facebook.com\/farmaciadebora","https:\/\/www.instagram.com\/farmacia_debora\/"]}]}},"_links":{"self":[{"href":"https:\/\/farmaciadebora.com\/index.php\/wp-json\/wp\/v2\/product\/112"}],"collection":[{"href":"https:\/\/farmaciadebora.com\/index.php\/wp-json\/wp\/v2\/product"}],"about":[{"href":"https:\/\/farmaciadebora.com\/index.php\/wp-json\/wp\/v2\/types\/product"}],"replies":[{"embeddable":true,"href":"https:\/\/farmaciadebora.com\/index.php\/wp-json\/wp\/v2\/comments?post=112"}],"wp:featuredmedia":[{"embeddable":true,"href":"https:\/\/farmaciadebora.com\/index.php\/wp-json\/wp\/v2\/media\/73"}],"wp:attachment":[{"href":"https:\/\/farmaciadebora.com\/index.php\/wp-json\/wp\/v2\/media?parent=112"}],"wp:term":[{"taxonomy":"product_cat","embeddable":true,"href":"https:\/\/farmaciadebora.com\/index.php\/wp-json\/wp\/v2\/product_cat?post=112"},{"taxonomy":"product_tag","embeddable":true,"href":"https:\/\/farmaciadebora.com\/index.php\/wp-json\/wp\/v2\/product_tag?post=112"}],"curies":[{"name":"wp","href":"https:\/\/api.w.org\/{rel}","templated":true}]}}