{"id":117,"date":"2023-05-27T20:50:20","date_gmt":"2023-05-27T23:50:20","guid":{"rendered":"https:\/\/farmaciadebora.com\/?post_type=product&#038;p=117"},"modified":"2025-12-02T04:26:46","modified_gmt":"2025-12-02T07:26:46","slug":"coquetel-afrodisiaco","status":"publish","type":"product","link":"https:\/\/farmaciadebora.com\/index.php\/product\/coquetel-afrodisiaco\/","title":{"rendered":"Coquetel Afrodis\u00edaco &#8211; \ud83d\udea830% DE DESCONTO\ud83d\udea8"},"content":{"rendered":"<p>Associa\u00e7\u00e3o de ativos para aumento da libido e apetite sexual. A falta de libido ou disposi\u00e7\u00e3o para o sexo s\u00e3o problemas que atingem muitas mulheres e homens e que podem estar relacionados a diversos fatores, desde psicol\u00f3gicos a f\u00edsicos. Nos casos mais extremos, deve-se procurar ajuda profissional. No entanto, na maioria das vezes, \u00e9 poss\u00edvel contornar a situa\u00e7\u00e3o com o aux\u00edlio de estimulantes sexuais. Este coquetel \u00e9 utilizado como estimulante e para aumento da libido em homens e mulheres, ele oferece uma maneira natural de real\u00e7ar a sua libido, aumentar a sua resist\u00eancia sexual e proporcionar aquele algo a mais para surpreender sua parceira ou parceiro.<\/p>\n<p>F\u00f3rmula magistral composta por<\/p>\n<p>Maca 50mg &#8211; Tribulus 150mg &#8211; Ashwagandha 100mg &#8211; Ginseng 100mg &#8211; Marapuama &#8211; 100mg &#8211; Catuaba 100mg &#8211; Long Jack 100mg &#8211;\u00a0 L- Arginina 100mg<\/p>\n","protected":false},"excerpt":{"rendered":"<p>Associa\u00e7\u00e3o de ativos para aumento da libido e apetite sexual. A falta de libido ou disposi\u00e7\u00e3o para o sexo s\u00e3o problemas que atingem muitas mulheres e homens e que podem estar relacionados a diversos fatores, desde psicol\u00f3gicos a f\u00edsicos. Nos casos mais extremos, deve-se procurar ajuda profissional. No entanto, na maioria das vezes, \u00e9 poss\u00edvel [&hellip;]<\/p>\n","protected":false},"featured_media":64,"comment_status":"open","ping_status":"closed","template":"","meta":[],"product_cat":[16],"product_tag":[],"yoast_head":"<!-- This site is optimized with the Yoast SEO plugin v21.4 - https:\/\/yoast.com\/wordpress\/plugins\/seo\/ -->\n<title>Coquetel Afrodis\u00edaco - \ud83d\udea830% DE DESCONTO\ud83d\udea8 - Farm\u00e1cia D\u00e9bora<\/title>\n<meta name=\"robots\" content=\"index, follow, max-snippet:-1, max-image-preview:large, max-video-preview:-1\" \/>\n<link rel=\"canonical\" href=\"https:\/\/farmaciadebora.com\/index.php\/product\/coquetel-afrodisiaco\/\" \/>\n<meta property=\"og:locale\" content=\"pt_BR\" \/>\n<meta property=\"og:type\" content=\"article\" \/>\n<meta property=\"og:title\" content=\"Coquetel Afrodis\u00edaco - \ud83d\udea830% DE DESCONTO\ud83d\udea8 - Farm\u00e1cia D\u00e9bora\" \/>\n<meta property=\"og:description\" content=\"Associa\u00e7\u00e3o de ativos para aumento da libido e apetite sexual. A falta de libido ou disposi\u00e7\u00e3o para o sexo s\u00e3o problemas que atingem muitas mulheres e homens e que podem estar relacionados a diversos fatores, desde psicol\u00f3gicos a f\u00edsicos. Nos casos mais extremos, deve-se procurar ajuda profissional. No entanto, na maioria das vezes, \u00e9 poss\u00edvel [&hellip;]\" \/>\n<meta property=\"og:url\" content=\"https:\/\/farmaciadebora.com\/index.php\/product\/coquetel-afrodisiaco\/\" \/>\n<meta property=\"og:site_name\" content=\"Farm\u00e1cia D\u00e9bora\" \/>\n<meta property=\"article:publisher\" content=\"https:\/\/www.facebook.com\/farmaciadebora\" \/>\n<meta property=\"article:modified_time\" content=\"2025-12-02T07:26:46+00:00\" \/>\n<meta property=\"og:image\" content=\"http:\/\/farmaciadebora.com\/wp-content\/uploads\/2023\/05\/coquetel-afrodisiado.png\" \/>\n\t<meta property=\"og:image:width\" content=\"550\" \/>\n\t<meta property=\"og:image:height\" content=\"550\" \/>\n\t<meta property=\"og:image:type\" content=\"image\/png\" \/>\n<meta name=\"twitter:card\" content=\"summary_large_image\" \/>\n<meta name=\"twitter:label1\" content=\"Est. tempo de leitura\" \/>\n\t<meta name=\"twitter:data1\" content=\"1 minuto\" \/>\n<script type=\"application\/ld+json\" class=\"yoast-schema-graph\">{\"@context\":\"https:\/\/schema.org\",\"@graph\":[{\"@type\":\"WebPage\",\"@id\":\"https:\/\/farmaciadebora.com\/index.php\/product\/coquetel-afrodisiaco\/\",\"url\":\"https:\/\/farmaciadebora.com\/index.php\/product\/coquetel-afrodisiaco\/\",\"name\":\"Coquetel Afrodis\u00edaco - \ud83d\udea830% DE DESCONTO\ud83d\udea8 - Farm\u00e1cia D\u00e9bora\",\"isPartOf\":{\"@id\":\"https:\/\/farmaciadebora.com\/#website\"},\"datePublished\":\"2023-05-27T23:50:20+00:00\",\"dateModified\":\"2025-12-02T07:26:46+00:00\",\"breadcrumb\":{\"@id\":\"https:\/\/farmaciadebora.com\/index.php\/product\/coquetel-afrodisiaco\/#breadcrumb\"},\"inLanguage\":\"pt-BR\",\"potentialAction\":[{\"@type\":\"ReadAction\",\"target\":[\"https:\/\/farmaciadebora.com\/index.php\/product\/coquetel-afrodisiaco\/\"]}]},{\"@type\":\"BreadcrumbList\",\"@id\":\"https:\/\/farmaciadebora.com\/index.php\/product\/coquetel-afrodisiaco\/#breadcrumb\",\"itemListElement\":[{\"@type\":\"ListItem\",\"position\":1,\"name\":\"In\u00edcio\",\"item\":\"https:\/\/farmaciadebora.com\/\"},{\"@type\":\"ListItem\",\"position\":2,\"name\":\"Shop\",\"item\":\"https:\/\/farmaciadebora.com\/index.php\/shop\/\"},{\"@type\":\"ListItem\",\"position\":3,\"name\":\"Coquetel Afrodis\u00edaco &#8211; \ud83d\udea830% DE DESCONTO\ud83d\udea8\"}]},{\"@type\":\"WebSite\",\"@id\":\"https:\/\/farmaciadebora.com\/#website\",\"url\":\"https:\/\/farmaciadebora.com\/\",\"name\":\"Farm\u00e1cia D\u00e9bora\",\"description\":\"Manipulados com o melhor pre\u00e7o\",\"publisher\":{\"@id\":\"https:\/\/farmaciadebora.com\/#organization\"},\"potentialAction\":[{\"@type\":\"SearchAction\",\"target\":{\"@type\":\"EntryPoint\",\"urlTemplate\":\"https:\/\/farmaciadebora.com\/?s={search_term_string}\"},\"query-input\":\"required name=search_term_string\"}],\"inLanguage\":\"pt-BR\"},{\"@type\":\"Organization\",\"@id\":\"https:\/\/farmaciadebora.com\/#organization\",\"name\":\"Farm\u00e1cia D\u00e9bora\",\"url\":\"https:\/\/farmaciadebora.com\/\",\"logo\":{\"@type\":\"ImageObject\",\"inLanguage\":\"pt-BR\",\"@id\":\"https:\/\/farmaciadebora.com\/#\/schema\/logo\/image\/\",\"url\":\"https:\/\/farmaciadebora.com\/wp-content\/uploads\/2023\/05\/cropped-cropped-base_0000_logo.png\",\"contentUrl\":\"https:\/\/farmaciadebora.com\/wp-content\/uploads\/2023\/05\/cropped-cropped-base_0000_logo.png\",\"width\":614,\"height\":135,\"caption\":\"Farm\u00e1cia D\u00e9bora\"},\"image\":{\"@id\":\"https:\/\/farmaciadebora.com\/#\/schema\/logo\/image\/\"},\"sameAs\":[\"https:\/\/www.facebook.com\/farmaciadebora\",\"https:\/\/www.instagram.com\/farmacia_debora\/\"]}]}<\/script>\n<!-- \/ Yoast SEO plugin. -->","yoast_head_json":{"title":"Coquetel Afrodis\u00edaco - \ud83d\udea830% DE DESCONTO\ud83d\udea8 - Farm\u00e1cia D\u00e9bora","robots":{"index":"index","follow":"follow","max-snippet":"max-snippet:-1","max-image-preview":"max-image-preview:large","max-video-preview":"max-video-preview:-1"},"canonical":"https:\/\/farmaciadebora.com\/index.php\/product\/coquetel-afrodisiaco\/","og_locale":"pt_BR","og_type":"article","og_title":"Coquetel Afrodis\u00edaco - \ud83d\udea830% DE DESCONTO\ud83d\udea8 - Farm\u00e1cia D\u00e9bora","og_description":"Associa\u00e7\u00e3o de ativos para aumento da libido e apetite sexual. A falta de libido ou disposi\u00e7\u00e3o para o sexo s\u00e3o problemas que atingem muitas mulheres e homens e que podem estar relacionados a diversos fatores, desde psicol\u00f3gicos a f\u00edsicos. Nos casos mais extremos, deve-se procurar ajuda profissional. No entanto, na maioria das vezes, \u00e9 poss\u00edvel [&hellip;]","og_url":"https:\/\/farmaciadebora.com\/index.php\/product\/coquetel-afrodisiaco\/","og_site_name":"Farm\u00e1cia D\u00e9bora","article_publisher":"https:\/\/www.facebook.com\/farmaciadebora","article_modified_time":"2025-12-02T07:26:46+00:00","og_image":[{"width":550,"height":550,"url":"http:\/\/farmaciadebora.com\/wp-content\/uploads\/2023\/05\/coquetel-afrodisiado.png","type":"image\/png"}],"twitter_card":"summary_large_image","twitter_misc":{"Est. tempo de leitura":"1 minuto"},"schema":{"@context":"https:\/\/schema.org","@graph":[{"@type":"WebPage","@id":"https:\/\/farmaciadebora.com\/index.php\/product\/coquetel-afrodisiaco\/","url":"https:\/\/farmaciadebora.com\/index.php\/product\/coquetel-afrodisiaco\/","name":"Coquetel Afrodis\u00edaco - \ud83d\udea830% DE DESCONTO\ud83d\udea8 - Farm\u00e1cia D\u00e9bora","isPartOf":{"@id":"https:\/\/farmaciadebora.com\/#website"},"datePublished":"2023-05-27T23:50:20+00:00","dateModified":"2025-12-02T07:26:46+00:00","breadcrumb":{"@id":"https:\/\/farmaciadebora.com\/index.php\/product\/coquetel-afrodisiaco\/#breadcrumb"},"inLanguage":"pt-BR","potentialAction":[{"@type":"ReadAction","target":["https:\/\/farmaciadebora.com\/index.php\/product\/coquetel-afrodisiaco\/"]}]},{"@type":"BreadcrumbList","@id":"https:\/\/farmaciadebora.com\/index.php\/product\/coquetel-afrodisiaco\/#breadcrumb","itemListElement":[{"@type":"ListItem","position":1,"name":"In\u00edcio","item":"https:\/\/farmaciadebora.com\/"},{"@type":"ListItem","position":2,"name":"Shop","item":"https:\/\/farmaciadebora.com\/index.php\/shop\/"},{"@type":"ListItem","position":3,"name":"Coquetel Afrodis\u00edaco &#8211; \ud83d\udea830% DE DESCONTO\ud83d\udea8"}]},{"@type":"WebSite","@id":"https:\/\/farmaciadebora.com\/#website","url":"https:\/\/farmaciadebora.com\/","name":"Farm\u00e1cia D\u00e9bora","description":"Manipulados com o melhor pre\u00e7o","publisher":{"@id":"https:\/\/farmaciadebora.com\/#organization"},"potentialAction":[{"@type":"SearchAction","target":{"@type":"EntryPoint","urlTemplate":"https:\/\/farmaciadebora.com\/?s={search_term_string}"},"query-input":"required name=search_term_string"}],"inLanguage":"pt-BR"},{"@type":"Organization","@id":"https:\/\/farmaciadebora.com\/#organization","name":"Farm\u00e1cia D\u00e9bora","url":"https:\/\/farmaciadebora.com\/","logo":{"@type":"ImageObject","inLanguage":"pt-BR","@id":"https:\/\/farmaciadebora.com\/#\/schema\/logo\/image\/","url":"https:\/\/farmaciadebora.com\/wp-content\/uploads\/2023\/05\/cropped-cropped-base_0000_logo.png","contentUrl":"https:\/\/farmaciadebora.com\/wp-content\/uploads\/2023\/05\/cropped-cropped-base_0000_logo.png","width":614,"height":135,"caption":"Farm\u00e1cia D\u00e9bora"},"image":{"@id":"https:\/\/farmaciadebora.com\/#\/schema\/logo\/image\/"},"sameAs":["https:\/\/www.facebook.com\/farmaciadebora","https:\/\/www.instagram.com\/farmacia_debora\/"]}]}},"_links":{"self":[{"href":"https:\/\/farmaciadebora.com\/index.php\/wp-json\/wp\/v2\/product\/117"}],"collection":[{"href":"https:\/\/farmaciadebora.com\/index.php\/wp-json\/wp\/v2\/product"}],"about":[{"href":"https:\/\/farmaciadebora.com\/index.php\/wp-json\/wp\/v2\/types\/product"}],"replies":[{"embeddable":true,"href":"https:\/\/farmaciadebora.com\/index.php\/wp-json\/wp\/v2\/comments?post=117"}],"wp:featuredmedia":[{"embeddable":true,"href":"https:\/\/farmaciadebora.com\/index.php\/wp-json\/wp\/v2\/media\/64"}],"wp:attachment":[{"href":"https:\/\/farmaciadebora.com\/index.php\/wp-json\/wp\/v2\/media?parent=117"}],"wp:term":[{"taxonomy":"product_cat","embeddable":true,"href":"https:\/\/farmaciadebora.com\/index.php\/wp-json\/wp\/v2\/product_cat?post=117"},{"taxonomy":"product_tag","embeddable":true,"href":"https:\/\/farmaciadebora.com\/index.php\/wp-json\/wp\/v2\/product_tag?post=117"}],"curies":[{"name":"wp","href":"https:\/\/api.w.org\/{rel}","templated":true}]}}