{"id":236,"date":"2023-10-09T08:37:12","date_gmt":"2023-10-09T11:37:12","guid":{"rendered":"https:\/\/farmaciadebora.com\/?post_type=product&#038;p=236"},"modified":"2025-12-31T09:03:13","modified_gmt":"2025-12-31T12:03:13","slug":"minoxidil5","status":"publish","type":"product","link":"https:\/\/farmaciadebora.com\/index.php\/product\/minoxidil5\/","title":{"rendered":"Minoxidil 5% Trichoxidil 2.5% Trichosol Qsp 12ml &#8211; \ud83d\udea830% DE DESCONTO\ud83d\udea8"},"content":{"rendered":"<p>O MINOXIDIL AUXILIA NA PREVEN\u00c7AO DA QUEDA CAPILAR, Promovendo \u00a0a ativa\u00e7\u00e3o de novos fios capilares ou da barba, \u00e9 geralmente Indicado para os v\u00e1rios tipos de problemas relacionados \u00e0 queda dos fios como: alopecia androgen\u00e9tica, alopecia areata, efl\u00favio tel\u00f3geno, efl\u00favio an\u00e1geno.<\/p>\n<p>O\u00a0<strong>Trichoxidil<\/strong>\u00a0afeta positivamente o couro cabeludo, nutrindo-o com as vitaminas que v\u00e3o doar todo o suporte primordial para o desenvolvimento saud\u00e1vel dos fios fortalecidos.<\/p>\n<p><span style=\"vertical-align: inherit;\"><span style=\"vertical-align: inherit;\"><span style=\"vertical-align: inherit;\"><span style=\"vertical-align: inherit;\">Minoxidil 5%Trichoxidil 2,5%<\/span><\/span><\/span><\/span><\/p>\n<p><span style=\"vertical-align: inherit;\"><span style=\"vertical-align: inherit;\"><span style=\"vertical-align: inherit;\"><span style=\"vertical-align: inherit;\">Trichosol qsp 12ml<\/span><\/span><\/span><\/span><\/p>\n","protected":false},"excerpt":{"rendered":"<p>O MINOXIDIL AUXILIA NA PREVEN\u00c7AO DA QUEDA CAPILAR, Promovendo \u00a0a ativa\u00e7\u00e3o de novos fios capilares ou da barba, \u00e9 geralmente Indicado para os v\u00e1rios tipos de problemas relacionados \u00e0 queda dos fios como: alopecia androgen\u00e9tica, alopecia areata, efl\u00favio tel\u00f3geno, efl\u00favio an\u00e1geno. O\u00a0Trichoxidil\u00a0afeta positivamente o couro cabeludo, nutrindo-o com as vitaminas que v\u00e3o doar todo o [&hellip;]<\/p>\n","protected":false},"featured_media":234,"comment_status":"open","ping_status":"closed","template":"","meta":[],"product_cat":[16],"product_tag":[],"yoast_head":"<!-- This site is optimized with the Yoast SEO plugin v21.4 - https:\/\/yoast.com\/wordpress\/plugins\/seo\/ -->\n<title>Minoxidil 5% Trichoxidil 2.5% Trichosol Qsp 12ml - \ud83d\udea830% DE DESCONTO\ud83d\udea8 - Farm\u00e1cia D\u00e9bora<\/title>\n<meta name=\"robots\" content=\"index, follow, max-snippet:-1, max-image-preview:large, max-video-preview:-1\" \/>\n<link rel=\"canonical\" href=\"https:\/\/farmaciadebora.com\/index.php\/product\/minoxidil5\/\" \/>\n<meta property=\"og:locale\" content=\"pt_BR\" \/>\n<meta property=\"og:type\" content=\"article\" \/>\n<meta property=\"og:title\" content=\"Minoxidil 5% Trichoxidil 2.5% Trichosol Qsp 12ml - \ud83d\udea830% DE DESCONTO\ud83d\udea8 - Farm\u00e1cia D\u00e9bora\" \/>\n<meta property=\"og:description\" content=\"O MINOXIDIL AUXILIA NA PREVEN\u00c7AO DA QUEDA CAPILAR, Promovendo \u00a0a ativa\u00e7\u00e3o de novos fios capilares ou da barba, \u00e9 geralmente Indicado para os v\u00e1rios tipos de problemas relacionados \u00e0 queda dos fios como: alopecia androgen\u00e9tica, alopecia areata, efl\u00favio tel\u00f3geno, efl\u00favio an\u00e1geno. O\u00a0Trichoxidil\u00a0afeta positivamente o couro cabeludo, nutrindo-o com as vitaminas que v\u00e3o doar todo o [&hellip;]\" \/>\n<meta property=\"og:url\" content=\"https:\/\/farmaciadebora.com\/index.php\/product\/minoxidil5\/\" \/>\n<meta property=\"og:site_name\" content=\"Farm\u00e1cia D\u00e9bora\" \/>\n<meta property=\"article:publisher\" content=\"https:\/\/www.facebook.com\/farmaciadebora\" \/>\n<meta property=\"article:modified_time\" content=\"2025-12-31T12:03:13+00:00\" \/>\n<meta property=\"og:image\" content=\"http:\/\/farmaciadebora.com\/wp-content\/uploads\/2023\/10\/ganhe-1080-\u00d7-1080-px-1.png\" \/>\n\t<meta property=\"og:image:width\" content=\"540\" \/>\n\t<meta property=\"og:image:height\" content=\"540\" \/>\n\t<meta property=\"og:image:type\" content=\"image\/png\" \/>\n<meta name=\"twitter:card\" content=\"summary_large_image\" \/>\n<meta name=\"twitter:label1\" content=\"Est. tempo de leitura\" \/>\n\t<meta name=\"twitter:data1\" content=\"1 minuto\" \/>\n<script type=\"application\/ld+json\" class=\"yoast-schema-graph\">{\"@context\":\"https:\/\/schema.org\",\"@graph\":[{\"@type\":\"WebPage\",\"@id\":\"https:\/\/farmaciadebora.com\/index.php\/product\/minoxidil5\/\",\"url\":\"https:\/\/farmaciadebora.com\/index.php\/product\/minoxidil5\/\",\"name\":\"Minoxidil 5% Trichoxidil 2.5% Trichosol Qsp 12ml - \ud83d\udea830% DE DESCONTO\ud83d\udea8 - Farm\u00e1cia D\u00e9bora\",\"isPartOf\":{\"@id\":\"https:\/\/farmaciadebora.com\/#website\"},\"datePublished\":\"2023-10-09T11:37:12+00:00\",\"dateModified\":\"2025-12-31T12:03:13+00:00\",\"breadcrumb\":{\"@id\":\"https:\/\/farmaciadebora.com\/index.php\/product\/minoxidil5\/#breadcrumb\"},\"inLanguage\":\"pt-BR\",\"potentialAction\":[{\"@type\":\"ReadAction\",\"target\":[\"https:\/\/farmaciadebora.com\/index.php\/product\/minoxidil5\/\"]}]},{\"@type\":\"BreadcrumbList\",\"@id\":\"https:\/\/farmaciadebora.com\/index.php\/product\/minoxidil5\/#breadcrumb\",\"itemListElement\":[{\"@type\":\"ListItem\",\"position\":1,\"name\":\"In\u00edcio\",\"item\":\"https:\/\/farmaciadebora.com\/\"},{\"@type\":\"ListItem\",\"position\":2,\"name\":\"Shop\",\"item\":\"https:\/\/farmaciadebora.com\/index.php\/shop\/\"},{\"@type\":\"ListItem\",\"position\":3,\"name\":\"Minoxidil 5% Trichoxidil 2.5% Trichosol Qsp 12ml &#8211; \ud83d\udea830% DE DESCONTO\ud83d\udea8\"}]},{\"@type\":\"WebSite\",\"@id\":\"https:\/\/farmaciadebora.com\/#website\",\"url\":\"https:\/\/farmaciadebora.com\/\",\"name\":\"Farm\u00e1cia D\u00e9bora\",\"description\":\"Manipulados com o melhor pre\u00e7o\",\"publisher\":{\"@id\":\"https:\/\/farmaciadebora.com\/#organization\"},\"potentialAction\":[{\"@type\":\"SearchAction\",\"target\":{\"@type\":\"EntryPoint\",\"urlTemplate\":\"https:\/\/farmaciadebora.com\/?s={search_term_string}\"},\"query-input\":\"required name=search_term_string\"}],\"inLanguage\":\"pt-BR\"},{\"@type\":\"Organization\",\"@id\":\"https:\/\/farmaciadebora.com\/#organization\",\"name\":\"Farm\u00e1cia D\u00e9bora\",\"url\":\"https:\/\/farmaciadebora.com\/\",\"logo\":{\"@type\":\"ImageObject\",\"inLanguage\":\"pt-BR\",\"@id\":\"https:\/\/farmaciadebora.com\/#\/schema\/logo\/image\/\",\"url\":\"https:\/\/farmaciadebora.com\/wp-content\/uploads\/2023\/05\/cropped-cropped-base_0000_logo.png\",\"contentUrl\":\"https:\/\/farmaciadebora.com\/wp-content\/uploads\/2023\/05\/cropped-cropped-base_0000_logo.png\",\"width\":614,\"height\":135,\"caption\":\"Farm\u00e1cia D\u00e9bora\"},\"image\":{\"@id\":\"https:\/\/farmaciadebora.com\/#\/schema\/logo\/image\/\"},\"sameAs\":[\"https:\/\/www.facebook.com\/farmaciadebora\",\"https:\/\/www.instagram.com\/farmacia_debora\/\"]}]}<\/script>\n<!-- \/ Yoast SEO plugin. -->","yoast_head_json":{"title":"Minoxidil 5% Trichoxidil 2.5% Trichosol Qsp 12ml - \ud83d\udea830% DE DESCONTO\ud83d\udea8 - Farm\u00e1cia D\u00e9bora","robots":{"index":"index","follow":"follow","max-snippet":"max-snippet:-1","max-image-preview":"max-image-preview:large","max-video-preview":"max-video-preview:-1"},"canonical":"https:\/\/farmaciadebora.com\/index.php\/product\/minoxidil5\/","og_locale":"pt_BR","og_type":"article","og_title":"Minoxidil 5% Trichoxidil 2.5% Trichosol Qsp 12ml - \ud83d\udea830% DE DESCONTO\ud83d\udea8 - Farm\u00e1cia D\u00e9bora","og_description":"O MINOXIDIL AUXILIA NA PREVEN\u00c7AO DA QUEDA CAPILAR, Promovendo \u00a0a ativa\u00e7\u00e3o de novos fios capilares ou da barba, \u00e9 geralmente Indicado para os v\u00e1rios tipos de problemas relacionados \u00e0 queda dos fios como: alopecia androgen\u00e9tica, alopecia areata, efl\u00favio tel\u00f3geno, efl\u00favio an\u00e1geno. O\u00a0Trichoxidil\u00a0afeta positivamente o couro cabeludo, nutrindo-o com as vitaminas que v\u00e3o doar todo o [&hellip;]","og_url":"https:\/\/farmaciadebora.com\/index.php\/product\/minoxidil5\/","og_site_name":"Farm\u00e1cia D\u00e9bora","article_publisher":"https:\/\/www.facebook.com\/farmaciadebora","article_modified_time":"2025-12-31T12:03:13+00:00","og_image":[{"width":540,"height":540,"url":"http:\/\/farmaciadebora.com\/wp-content\/uploads\/2023\/10\/ganhe-1080-\u00d7-1080-px-1.png","type":"image\/png"}],"twitter_card":"summary_large_image","twitter_misc":{"Est. tempo de leitura":"1 minuto"},"schema":{"@context":"https:\/\/schema.org","@graph":[{"@type":"WebPage","@id":"https:\/\/farmaciadebora.com\/index.php\/product\/minoxidil5\/","url":"https:\/\/farmaciadebora.com\/index.php\/product\/minoxidil5\/","name":"Minoxidil 5% Trichoxidil 2.5% Trichosol Qsp 12ml - \ud83d\udea830% DE DESCONTO\ud83d\udea8 - Farm\u00e1cia D\u00e9bora","isPartOf":{"@id":"https:\/\/farmaciadebora.com\/#website"},"datePublished":"2023-10-09T11:37:12+00:00","dateModified":"2025-12-31T12:03:13+00:00","breadcrumb":{"@id":"https:\/\/farmaciadebora.com\/index.php\/product\/minoxidil5\/#breadcrumb"},"inLanguage":"pt-BR","potentialAction":[{"@type":"ReadAction","target":["https:\/\/farmaciadebora.com\/index.php\/product\/minoxidil5\/"]}]},{"@type":"BreadcrumbList","@id":"https:\/\/farmaciadebora.com\/index.php\/product\/minoxidil5\/#breadcrumb","itemListElement":[{"@type":"ListItem","position":1,"name":"In\u00edcio","item":"https:\/\/farmaciadebora.com\/"},{"@type":"ListItem","position":2,"name":"Shop","item":"https:\/\/farmaciadebora.com\/index.php\/shop\/"},{"@type":"ListItem","position":3,"name":"Minoxidil 5% Trichoxidil 2.5% Trichosol Qsp 12ml &#8211; \ud83d\udea830% DE DESCONTO\ud83d\udea8"}]},{"@type":"WebSite","@id":"https:\/\/farmaciadebora.com\/#website","url":"https:\/\/farmaciadebora.com\/","name":"Farm\u00e1cia D\u00e9bora","description":"Manipulados com o melhor pre\u00e7o","publisher":{"@id":"https:\/\/farmaciadebora.com\/#organization"},"potentialAction":[{"@type":"SearchAction","target":{"@type":"EntryPoint","urlTemplate":"https:\/\/farmaciadebora.com\/?s={search_term_string}"},"query-input":"required name=search_term_string"}],"inLanguage":"pt-BR"},{"@type":"Organization","@id":"https:\/\/farmaciadebora.com\/#organization","name":"Farm\u00e1cia D\u00e9bora","url":"https:\/\/farmaciadebora.com\/","logo":{"@type":"ImageObject","inLanguage":"pt-BR","@id":"https:\/\/farmaciadebora.com\/#\/schema\/logo\/image\/","url":"https:\/\/farmaciadebora.com\/wp-content\/uploads\/2023\/05\/cropped-cropped-base_0000_logo.png","contentUrl":"https:\/\/farmaciadebora.com\/wp-content\/uploads\/2023\/05\/cropped-cropped-base_0000_logo.png","width":614,"height":135,"caption":"Farm\u00e1cia D\u00e9bora"},"image":{"@id":"https:\/\/farmaciadebora.com\/#\/schema\/logo\/image\/"},"sameAs":["https:\/\/www.facebook.com\/farmaciadebora","https:\/\/www.instagram.com\/farmacia_debora\/"]}]}},"_links":{"self":[{"href":"https:\/\/farmaciadebora.com\/index.php\/wp-json\/wp\/v2\/product\/236"}],"collection":[{"href":"https:\/\/farmaciadebora.com\/index.php\/wp-json\/wp\/v2\/product"}],"about":[{"href":"https:\/\/farmaciadebora.com\/index.php\/wp-json\/wp\/v2\/types\/product"}],"replies":[{"embeddable":true,"href":"https:\/\/farmaciadebora.com\/index.php\/wp-json\/wp\/v2\/comments?post=236"}],"wp:featuredmedia":[{"embeddable":true,"href":"https:\/\/farmaciadebora.com\/index.php\/wp-json\/wp\/v2\/media\/234"}],"wp:attachment":[{"href":"https:\/\/farmaciadebora.com\/index.php\/wp-json\/wp\/v2\/media?parent=236"}],"wp:term":[{"taxonomy":"product_cat","embeddable":true,"href":"https:\/\/farmaciadebora.com\/index.php\/wp-json\/wp\/v2\/product_cat?post=236"},{"taxonomy":"product_tag","embeddable":true,"href":"https:\/\/farmaciadebora.com\/index.php\/wp-json\/wp\/v2\/product_tag?post=236"}],"curies":[{"name":"wp","href":"https:\/\/api.w.org\/{rel}","templated":true}]}}