{"id":60,"date":"2023-05-27T19:32:03","date_gmt":"2023-05-27T22:32:03","guid":{"rendered":"https:\/\/farmaciadebora.com\/?post_type=product&#038;p=60"},"modified":"2025-01-15T16:58:02","modified_gmt":"2025-01-15T19:58:02","slug":"espuma-de-limpeza-antiacne","status":"publish","type":"product","link":"https:\/\/farmaciadebora.com\/index.php\/product\/espuma-de-limpeza-antiacne\/","title":{"rendered":"Espuma de Limpeza Antiacne &#8211; \ud83d\udea830% DE DESCONTO\ud83d\udea8"},"content":{"rendered":"<p><strong>Extrato glic\u00f3lico de aloe vera:<\/strong>\u00a0Tem a\u00e7\u00e3o emoliente, cicatrizante, tonificante, anti-inflamat\u00f3ria, calmante, suavizante, refrescante, hidratante, protetora e restauradora de tecidos.<br \/>\n<strong>\u00c1cido glic\u00f3lico (70%)<\/strong>: \u00e9 um ativo que acelera a renova\u00e7\u00e3o celular, ajudando a tratar os sinais do envelhecimento precoce e favorecendo o rejuvenescimento da pele.<br \/>\n<strong>\u00c1cido salicilico:<\/strong>\u00a0age contra a forma\u00e7\u00e3o das les\u00f5es de espinhas, inibe a forma\u00e7\u00e3o dos cravos e ajuda a controlar a produ\u00e7\u00e3o de sebo.<\/p>\n<p><strong>BENEF\u00cdCIOS:<\/strong><br \/>\nAtua na preven\u00e7\u00e3o de cravos e espinhas, controlando a oleosidade da pele, possui a\u00e7\u00e3o clareadora, calmante e esfoliante suave.<\/p>\n<p>&nbsp;<\/p>\n<p><strong>Composi\u00e7\u00e3o:<\/strong><br \/>\nAloe vera 8%, \u00c1cido glic\u00f3lico(70%) 10%, \u00c1cido salicilico 1%, vitamina C 2% Espumil QSP 100ML<\/p>\n<p><strong>Modo de usar:<\/strong><br \/>\nAplicar diariamente na face, com movimentos circulares, para higieniza\u00e7\u00e3o. Aplicar 2 a 3 vezes ao dia.<\/p>\n","protected":false},"excerpt":{"rendered":"<p>Extrato glic\u00f3lico de aloe vera:\u00a0Tem a\u00e7\u00e3o emoliente, cicatrizante, tonificante, anti-inflamat\u00f3ria, calmante, suavizante, refrescante, hidratante, protetora e restauradora de tecidos. \u00c1cido glic\u00f3lico (70%): \u00e9 um ativo que acelera a renova\u00e7\u00e3o celular, ajudando a tratar os sinais do envelhecimento precoce e favorecendo o rejuvenescimento da pele. \u00c1cido salicilico:\u00a0age contra a forma\u00e7\u00e3o das les\u00f5es de espinhas, inibe a [&hellip;]<\/p>\n","protected":false},"featured_media":213,"comment_status":"open","ping_status":"closed","template":"","meta":[],"product_cat":[16],"product_tag":[],"yoast_head":"<!-- This site is optimized with the Yoast SEO plugin v21.4 - https:\/\/yoast.com\/wordpress\/plugins\/seo\/ -->\n<title>Espuma de Limpeza Antiacne - \ud83d\udea830% DE DESCONTO\ud83d\udea8 - Farm\u00e1cia D\u00e9bora<\/title>\n<meta name=\"robots\" content=\"index, follow, max-snippet:-1, max-image-preview:large, max-video-preview:-1\" \/>\n<link rel=\"canonical\" href=\"https:\/\/farmaciadebora.com\/index.php\/product\/espuma-de-limpeza-antiacne\/\" \/>\n<meta property=\"og:locale\" content=\"pt_BR\" \/>\n<meta property=\"og:type\" content=\"article\" \/>\n<meta property=\"og:title\" content=\"Espuma de Limpeza Antiacne - \ud83d\udea830% DE DESCONTO\ud83d\udea8 - Farm\u00e1cia D\u00e9bora\" \/>\n<meta property=\"og:description\" content=\"Extrato glic\u00f3lico de aloe vera:\u00a0Tem a\u00e7\u00e3o emoliente, cicatrizante, tonificante, anti-inflamat\u00f3ria, calmante, suavizante, refrescante, hidratante, protetora e restauradora de tecidos. \u00c1cido glic\u00f3lico (70%): \u00e9 um ativo que acelera a renova\u00e7\u00e3o celular, ajudando a tratar os sinais do envelhecimento precoce e favorecendo o rejuvenescimento da pele. \u00c1cido salicilico:\u00a0age contra a forma\u00e7\u00e3o das les\u00f5es de espinhas, inibe a [&hellip;]\" \/>\n<meta property=\"og:url\" content=\"https:\/\/farmaciadebora.com\/index.php\/product\/espuma-de-limpeza-antiacne\/\" \/>\n<meta property=\"og:site_name\" content=\"Farm\u00e1cia D\u00e9bora\" \/>\n<meta property=\"article:publisher\" content=\"https:\/\/www.facebook.com\/farmaciadebora\" \/>\n<meta property=\"article:modified_time\" content=\"2025-01-15T19:58:02+00:00\" \/>\n<meta property=\"og:image\" content=\"http:\/\/farmaciadebora.com\/wp-content\/uploads\/2023\/05\/ESPUMA-DE-LIMPEZA-ANTIACNE-2.png\" \/>\n\t<meta property=\"og:image:width\" content=\"1080\" \/>\n\t<meta property=\"og:image:height\" content=\"1080\" \/>\n\t<meta property=\"og:image:type\" content=\"image\/png\" \/>\n<meta name=\"twitter:card\" content=\"summary_large_image\" \/>\n<meta name=\"twitter:label1\" content=\"Est. tempo de leitura\" \/>\n\t<meta name=\"twitter:data1\" content=\"1 minuto\" \/>\n<script type=\"application\/ld+json\" class=\"yoast-schema-graph\">{\"@context\":\"https:\/\/schema.org\",\"@graph\":[{\"@type\":\"WebPage\",\"@id\":\"https:\/\/farmaciadebora.com\/index.php\/product\/espuma-de-limpeza-antiacne\/\",\"url\":\"https:\/\/farmaciadebora.com\/index.php\/product\/espuma-de-limpeza-antiacne\/\",\"name\":\"Espuma de Limpeza Antiacne - \ud83d\udea830% DE DESCONTO\ud83d\udea8 - Farm\u00e1cia D\u00e9bora\",\"isPartOf\":{\"@id\":\"https:\/\/farmaciadebora.com\/#website\"},\"datePublished\":\"2023-05-27T22:32:03+00:00\",\"dateModified\":\"2025-01-15T19:58:02+00:00\",\"breadcrumb\":{\"@id\":\"https:\/\/farmaciadebora.com\/index.php\/product\/espuma-de-limpeza-antiacne\/#breadcrumb\"},\"inLanguage\":\"pt-BR\",\"potentialAction\":[{\"@type\":\"ReadAction\",\"target\":[\"https:\/\/farmaciadebora.com\/index.php\/product\/espuma-de-limpeza-antiacne\/\"]}]},{\"@type\":\"BreadcrumbList\",\"@id\":\"https:\/\/farmaciadebora.com\/index.php\/product\/espuma-de-limpeza-antiacne\/#breadcrumb\",\"itemListElement\":[{\"@type\":\"ListItem\",\"position\":1,\"name\":\"In\u00edcio\",\"item\":\"https:\/\/farmaciadebora.com\/\"},{\"@type\":\"ListItem\",\"position\":2,\"name\":\"Shop\",\"item\":\"https:\/\/farmaciadebora.com\/index.php\/shop\/\"},{\"@type\":\"ListItem\",\"position\":3,\"name\":\"Espuma de Limpeza Antiacne &#8211; \ud83d\udea830% DE DESCONTO\ud83d\udea8\"}]},{\"@type\":\"WebSite\",\"@id\":\"https:\/\/farmaciadebora.com\/#website\",\"url\":\"https:\/\/farmaciadebora.com\/\",\"name\":\"Farm\u00e1cia D\u00e9bora\",\"description\":\"Manipulados com o melhor pre\u00e7o\",\"publisher\":{\"@id\":\"https:\/\/farmaciadebora.com\/#organization\"},\"potentialAction\":[{\"@type\":\"SearchAction\",\"target\":{\"@type\":\"EntryPoint\",\"urlTemplate\":\"https:\/\/farmaciadebora.com\/?s={search_term_string}\"},\"query-input\":\"required name=search_term_string\"}],\"inLanguage\":\"pt-BR\"},{\"@type\":\"Organization\",\"@id\":\"https:\/\/farmaciadebora.com\/#organization\",\"name\":\"Farm\u00e1cia D\u00e9bora\",\"url\":\"https:\/\/farmaciadebora.com\/\",\"logo\":{\"@type\":\"ImageObject\",\"inLanguage\":\"pt-BR\",\"@id\":\"https:\/\/farmaciadebora.com\/#\/schema\/logo\/image\/\",\"url\":\"https:\/\/farmaciadebora.com\/wp-content\/uploads\/2023\/05\/cropped-cropped-base_0000_logo.png\",\"contentUrl\":\"https:\/\/farmaciadebora.com\/wp-content\/uploads\/2023\/05\/cropped-cropped-base_0000_logo.png\",\"width\":614,\"height\":135,\"caption\":\"Farm\u00e1cia D\u00e9bora\"},\"image\":{\"@id\":\"https:\/\/farmaciadebora.com\/#\/schema\/logo\/image\/\"},\"sameAs\":[\"https:\/\/www.facebook.com\/farmaciadebora\",\"https:\/\/www.instagram.com\/farmacia_debora\/\"]}]}<\/script>\n<!-- \/ Yoast SEO plugin. -->","yoast_head_json":{"title":"Espuma de Limpeza Antiacne - \ud83d\udea830% DE DESCONTO\ud83d\udea8 - Farm\u00e1cia D\u00e9bora","robots":{"index":"index","follow":"follow","max-snippet":"max-snippet:-1","max-image-preview":"max-image-preview:large","max-video-preview":"max-video-preview:-1"},"canonical":"https:\/\/farmaciadebora.com\/index.php\/product\/espuma-de-limpeza-antiacne\/","og_locale":"pt_BR","og_type":"article","og_title":"Espuma de Limpeza Antiacne - \ud83d\udea830% DE DESCONTO\ud83d\udea8 - Farm\u00e1cia D\u00e9bora","og_description":"Extrato glic\u00f3lico de aloe vera:\u00a0Tem a\u00e7\u00e3o emoliente, cicatrizante, tonificante, anti-inflamat\u00f3ria, calmante, suavizante, refrescante, hidratante, protetora e restauradora de tecidos. \u00c1cido glic\u00f3lico (70%): \u00e9 um ativo que acelera a renova\u00e7\u00e3o celular, ajudando a tratar os sinais do envelhecimento precoce e favorecendo o rejuvenescimento da pele. \u00c1cido salicilico:\u00a0age contra a forma\u00e7\u00e3o das les\u00f5es de espinhas, inibe a [&hellip;]","og_url":"https:\/\/farmaciadebora.com\/index.php\/product\/espuma-de-limpeza-antiacne\/","og_site_name":"Farm\u00e1cia D\u00e9bora","article_publisher":"https:\/\/www.facebook.com\/farmaciadebora","article_modified_time":"2025-01-15T19:58:02+00:00","og_image":[{"width":1080,"height":1080,"url":"http:\/\/farmaciadebora.com\/wp-content\/uploads\/2023\/05\/ESPUMA-DE-LIMPEZA-ANTIACNE-2.png","type":"image\/png"}],"twitter_card":"summary_large_image","twitter_misc":{"Est. tempo de leitura":"1 minuto"},"schema":{"@context":"https:\/\/schema.org","@graph":[{"@type":"WebPage","@id":"https:\/\/farmaciadebora.com\/index.php\/product\/espuma-de-limpeza-antiacne\/","url":"https:\/\/farmaciadebora.com\/index.php\/product\/espuma-de-limpeza-antiacne\/","name":"Espuma de Limpeza Antiacne - \ud83d\udea830% DE DESCONTO\ud83d\udea8 - Farm\u00e1cia D\u00e9bora","isPartOf":{"@id":"https:\/\/farmaciadebora.com\/#website"},"datePublished":"2023-05-27T22:32:03+00:00","dateModified":"2025-01-15T19:58:02+00:00","breadcrumb":{"@id":"https:\/\/farmaciadebora.com\/index.php\/product\/espuma-de-limpeza-antiacne\/#breadcrumb"},"inLanguage":"pt-BR","potentialAction":[{"@type":"ReadAction","target":["https:\/\/farmaciadebora.com\/index.php\/product\/espuma-de-limpeza-antiacne\/"]}]},{"@type":"BreadcrumbList","@id":"https:\/\/farmaciadebora.com\/index.php\/product\/espuma-de-limpeza-antiacne\/#breadcrumb","itemListElement":[{"@type":"ListItem","position":1,"name":"In\u00edcio","item":"https:\/\/farmaciadebora.com\/"},{"@type":"ListItem","position":2,"name":"Shop","item":"https:\/\/farmaciadebora.com\/index.php\/shop\/"},{"@type":"ListItem","position":3,"name":"Espuma de Limpeza Antiacne &#8211; \ud83d\udea830% DE DESCONTO\ud83d\udea8"}]},{"@type":"WebSite","@id":"https:\/\/farmaciadebora.com\/#website","url":"https:\/\/farmaciadebora.com\/","name":"Farm\u00e1cia D\u00e9bora","description":"Manipulados com o melhor pre\u00e7o","publisher":{"@id":"https:\/\/farmaciadebora.com\/#organization"},"potentialAction":[{"@type":"SearchAction","target":{"@type":"EntryPoint","urlTemplate":"https:\/\/farmaciadebora.com\/?s={search_term_string}"},"query-input":"required name=search_term_string"}],"inLanguage":"pt-BR"},{"@type":"Organization","@id":"https:\/\/farmaciadebora.com\/#organization","name":"Farm\u00e1cia D\u00e9bora","url":"https:\/\/farmaciadebora.com\/","logo":{"@type":"ImageObject","inLanguage":"pt-BR","@id":"https:\/\/farmaciadebora.com\/#\/schema\/logo\/image\/","url":"https:\/\/farmaciadebora.com\/wp-content\/uploads\/2023\/05\/cropped-cropped-base_0000_logo.png","contentUrl":"https:\/\/farmaciadebora.com\/wp-content\/uploads\/2023\/05\/cropped-cropped-base_0000_logo.png","width":614,"height":135,"caption":"Farm\u00e1cia D\u00e9bora"},"image":{"@id":"https:\/\/farmaciadebora.com\/#\/schema\/logo\/image\/"},"sameAs":["https:\/\/www.facebook.com\/farmaciadebora","https:\/\/www.instagram.com\/farmacia_debora\/"]}]}},"_links":{"self":[{"href":"https:\/\/farmaciadebora.com\/index.php\/wp-json\/wp\/v2\/product\/60"}],"collection":[{"href":"https:\/\/farmaciadebora.com\/index.php\/wp-json\/wp\/v2\/product"}],"about":[{"href":"https:\/\/farmaciadebora.com\/index.php\/wp-json\/wp\/v2\/types\/product"}],"replies":[{"embeddable":true,"href":"https:\/\/farmaciadebora.com\/index.php\/wp-json\/wp\/v2\/comments?post=60"}],"wp:featuredmedia":[{"embeddable":true,"href":"https:\/\/farmaciadebora.com\/index.php\/wp-json\/wp\/v2\/media\/213"}],"wp:attachment":[{"href":"https:\/\/farmaciadebora.com\/index.php\/wp-json\/wp\/v2\/media?parent=60"}],"wp:term":[{"taxonomy":"product_cat","embeddable":true,"href":"https:\/\/farmaciadebora.com\/index.php\/wp-json\/wp\/v2\/product_cat?post=60"},{"taxonomy":"product_tag","embeddable":true,"href":"https:\/\/farmaciadebora.com\/index.php\/wp-json\/wp\/v2\/product_tag?post=60"}],"curies":[{"name":"wp","href":"https:\/\/api.w.org\/{rel}","templated":true}]}}