{"id":93,"date":"2023-05-27T20:05:17","date_gmt":"2023-05-27T23:05:17","guid":{"rendered":"https:\/\/farmaciadebora.com\/index.php\/product\/hoodie-with-logo-2\/"},"modified":"2025-01-15T16:57:53","modified_gmt":"2025-01-15T19:57:53","slug":"picnogenol","status":"publish","type":"product","link":"https:\/\/farmaciadebora.com\/index.php\/product\/picnogenol\/","title":{"rendered":"Picnogenol &#8211; \ud83d\udea830% DE DESCONTO\ud83d\udea8"},"content":{"rendered":"<p>O Picnogenol possui uma a\u00e7\u00e3o antioxidante o qual combate as a\u00e7\u00f5es nocivas causadas pelos dos radicais livres.<br \/>\nEle contribui para a uniformiza\u00e7\u00e3o da pele, renova\u00e7\u00e3o celular e produ\u00e7\u00e3o de col\u00e1geno e elastina aumentando a firmeza al\u00e9m de reduzir os danos causados pelo envelhecimento f\u00edsico. Vem mostrando resultado satisfat\u00f3rio no combate de manchas na pele. Ele \u00e9 um extrato da planta Pinus pinaster, extrato natural da casca do Pinheiro Mar\u00edtimo rico em bioflavon\u00f3ides respons\u00e1veis pela a a\u00e7\u00e3o antioxidante.O extrato de Pinus pinaster revelou para os pesquisadores a sua a\u00e7\u00e3o sob a sa\u00fade das art\u00e9rias e na pele combatendo os radicais livres. (<em>Sivonov\u00e1, 2006; Touri&#8221;o, 2005; Devaraj, 2002; Packer, 1999<\/em>) Ele mostrou-se 50 vezes mais potente que a a\u00e7\u00e3o de antioxida\u00e7\u00e3o da Vitamina E e 20 vezes mais que a Vitamina C.<\/p>\n<p>&nbsp;<\/p>\n<p><strong>Composi\u00e7\u00e3o :<\/strong><\/p>\n<p>Picnogenol 150mg &#8211; 30 c\u00e1psulas.<\/p>\n","protected":false},"excerpt":{"rendered":"<p>O Picnogenol possui uma a\u00e7\u00e3o antioxidante o qual combate as a\u00e7\u00f5es nocivas causadas pelos dos radicais livres. Ele contribui para a uniformiza\u00e7\u00e3o da pele, renova\u00e7\u00e3o celular e produ\u00e7\u00e3o de col\u00e1geno e elastina aumentando a firmeza al\u00e9m de reduzir os danos causados pelo envelhecimento f\u00edsico. Vem mostrando resultado satisfat\u00f3rio no combate de manchas na pele. Ele [&hellip;]<\/p>\n","protected":false},"featured_media":74,"comment_status":"open","ping_status":"closed","template":"","meta":[],"product_cat":[16],"product_tag":[],"yoast_head":"<!-- This site is optimized with the Yoast SEO plugin v21.4 - https:\/\/yoast.com\/wordpress\/plugins\/seo\/ -->\n<title>Picnogenol - \ud83d\udea830% DE DESCONTO\ud83d\udea8 - Farm\u00e1cia D\u00e9bora<\/title>\n<meta name=\"robots\" content=\"index, follow, max-snippet:-1, max-image-preview:large, max-video-preview:-1\" \/>\n<link rel=\"canonical\" href=\"https:\/\/farmaciadebora.com\/index.php\/product\/picnogenol\/\" \/>\n<meta property=\"og:locale\" content=\"pt_BR\" \/>\n<meta property=\"og:type\" content=\"article\" \/>\n<meta property=\"og:title\" content=\"Picnogenol - \ud83d\udea830% DE DESCONTO\ud83d\udea8 - Farm\u00e1cia D\u00e9bora\" \/>\n<meta property=\"og:description\" content=\"O Picnogenol possui uma a\u00e7\u00e3o antioxidante o qual combate as a\u00e7\u00f5es nocivas causadas pelos dos radicais livres. Ele contribui para a uniformiza\u00e7\u00e3o da pele, renova\u00e7\u00e3o celular e produ\u00e7\u00e3o de col\u00e1geno e elastina aumentando a firmeza al\u00e9m de reduzir os danos causados pelo envelhecimento f\u00edsico. Vem mostrando resultado satisfat\u00f3rio no combate de manchas na pele. Ele [&hellip;]\" \/>\n<meta property=\"og:url\" content=\"https:\/\/farmaciadebora.com\/index.php\/product\/picnogenol\/\" \/>\n<meta property=\"og:site_name\" content=\"Farm\u00e1cia D\u00e9bora\" \/>\n<meta property=\"article:publisher\" content=\"https:\/\/www.facebook.com\/farmaciadebora\" \/>\n<meta property=\"article:modified_time\" content=\"2025-01-15T19:57:53+00:00\" \/>\n<meta property=\"og:image\" content=\"http:\/\/farmaciadebora.com\/wp-content\/uploads\/2023\/05\/Picnogenol.png\" \/>\n\t<meta property=\"og:image:width\" content=\"550\" \/>\n\t<meta property=\"og:image:height\" content=\"550\" \/>\n\t<meta property=\"og:image:type\" content=\"image\/png\" \/>\n<meta name=\"twitter:card\" content=\"summary_large_image\" \/>\n<meta name=\"twitter:label1\" content=\"Est. tempo de leitura\" \/>\n\t<meta name=\"twitter:data1\" content=\"1 minuto\" \/>\n<script type=\"application\/ld+json\" class=\"yoast-schema-graph\">{\"@context\":\"https:\/\/schema.org\",\"@graph\":[{\"@type\":\"WebPage\",\"@id\":\"https:\/\/farmaciadebora.com\/index.php\/product\/picnogenol\/\",\"url\":\"https:\/\/farmaciadebora.com\/index.php\/product\/picnogenol\/\",\"name\":\"Picnogenol - \ud83d\udea830% DE DESCONTO\ud83d\udea8 - Farm\u00e1cia D\u00e9bora\",\"isPartOf\":{\"@id\":\"https:\/\/farmaciadebora.com\/#website\"},\"datePublished\":\"2023-05-27T23:05:17+00:00\",\"dateModified\":\"2025-01-15T19:57:53+00:00\",\"breadcrumb\":{\"@id\":\"https:\/\/farmaciadebora.com\/index.php\/product\/picnogenol\/#breadcrumb\"},\"inLanguage\":\"pt-BR\",\"potentialAction\":[{\"@type\":\"ReadAction\",\"target\":[\"https:\/\/farmaciadebora.com\/index.php\/product\/picnogenol\/\"]}]},{\"@type\":\"BreadcrumbList\",\"@id\":\"https:\/\/farmaciadebora.com\/index.php\/product\/picnogenol\/#breadcrumb\",\"itemListElement\":[{\"@type\":\"ListItem\",\"position\":1,\"name\":\"In\u00edcio\",\"item\":\"https:\/\/farmaciadebora.com\/\"},{\"@type\":\"ListItem\",\"position\":2,\"name\":\"Shop\",\"item\":\"https:\/\/farmaciadebora.com\/index.php\/shop\/\"},{\"@type\":\"ListItem\",\"position\":3,\"name\":\"Picnogenol &#8211; \ud83d\udea830% DE DESCONTO\ud83d\udea8\"}]},{\"@type\":\"WebSite\",\"@id\":\"https:\/\/farmaciadebora.com\/#website\",\"url\":\"https:\/\/farmaciadebora.com\/\",\"name\":\"Farm\u00e1cia D\u00e9bora\",\"description\":\"Manipulados com o melhor pre\u00e7o\",\"publisher\":{\"@id\":\"https:\/\/farmaciadebora.com\/#organization\"},\"potentialAction\":[{\"@type\":\"SearchAction\",\"target\":{\"@type\":\"EntryPoint\",\"urlTemplate\":\"https:\/\/farmaciadebora.com\/?s={search_term_string}\"},\"query-input\":\"required name=search_term_string\"}],\"inLanguage\":\"pt-BR\"},{\"@type\":\"Organization\",\"@id\":\"https:\/\/farmaciadebora.com\/#organization\",\"name\":\"Farm\u00e1cia D\u00e9bora\",\"url\":\"https:\/\/farmaciadebora.com\/\",\"logo\":{\"@type\":\"ImageObject\",\"inLanguage\":\"pt-BR\",\"@id\":\"https:\/\/farmaciadebora.com\/#\/schema\/logo\/image\/\",\"url\":\"https:\/\/farmaciadebora.com\/wp-content\/uploads\/2023\/05\/cropped-cropped-base_0000_logo.png\",\"contentUrl\":\"https:\/\/farmaciadebora.com\/wp-content\/uploads\/2023\/05\/cropped-cropped-base_0000_logo.png\",\"width\":614,\"height\":135,\"caption\":\"Farm\u00e1cia D\u00e9bora\"},\"image\":{\"@id\":\"https:\/\/farmaciadebora.com\/#\/schema\/logo\/image\/\"},\"sameAs\":[\"https:\/\/www.facebook.com\/farmaciadebora\",\"https:\/\/www.instagram.com\/farmacia_debora\/\"]}]}<\/script>\n<!-- \/ Yoast SEO plugin. -->","yoast_head_json":{"title":"Picnogenol - \ud83d\udea830% DE DESCONTO\ud83d\udea8 - Farm\u00e1cia D\u00e9bora","robots":{"index":"index","follow":"follow","max-snippet":"max-snippet:-1","max-image-preview":"max-image-preview:large","max-video-preview":"max-video-preview:-1"},"canonical":"https:\/\/farmaciadebora.com\/index.php\/product\/picnogenol\/","og_locale":"pt_BR","og_type":"article","og_title":"Picnogenol - \ud83d\udea830% DE DESCONTO\ud83d\udea8 - Farm\u00e1cia D\u00e9bora","og_description":"O Picnogenol possui uma a\u00e7\u00e3o antioxidante o qual combate as a\u00e7\u00f5es nocivas causadas pelos dos radicais livres. Ele contribui para a uniformiza\u00e7\u00e3o da pele, renova\u00e7\u00e3o celular e produ\u00e7\u00e3o de col\u00e1geno e elastina aumentando a firmeza al\u00e9m de reduzir os danos causados pelo envelhecimento f\u00edsico. Vem mostrando resultado satisfat\u00f3rio no combate de manchas na pele. Ele [&hellip;]","og_url":"https:\/\/farmaciadebora.com\/index.php\/product\/picnogenol\/","og_site_name":"Farm\u00e1cia D\u00e9bora","article_publisher":"https:\/\/www.facebook.com\/farmaciadebora","article_modified_time":"2025-01-15T19:57:53+00:00","og_image":[{"width":550,"height":550,"url":"http:\/\/farmaciadebora.com\/wp-content\/uploads\/2023\/05\/Picnogenol.png","type":"image\/png"}],"twitter_card":"summary_large_image","twitter_misc":{"Est. tempo de leitura":"1 minuto"},"schema":{"@context":"https:\/\/schema.org","@graph":[{"@type":"WebPage","@id":"https:\/\/farmaciadebora.com\/index.php\/product\/picnogenol\/","url":"https:\/\/farmaciadebora.com\/index.php\/product\/picnogenol\/","name":"Picnogenol - \ud83d\udea830% DE DESCONTO\ud83d\udea8 - Farm\u00e1cia D\u00e9bora","isPartOf":{"@id":"https:\/\/farmaciadebora.com\/#website"},"datePublished":"2023-05-27T23:05:17+00:00","dateModified":"2025-01-15T19:57:53+00:00","breadcrumb":{"@id":"https:\/\/farmaciadebora.com\/index.php\/product\/picnogenol\/#breadcrumb"},"inLanguage":"pt-BR","potentialAction":[{"@type":"ReadAction","target":["https:\/\/farmaciadebora.com\/index.php\/product\/picnogenol\/"]}]},{"@type":"BreadcrumbList","@id":"https:\/\/farmaciadebora.com\/index.php\/product\/picnogenol\/#breadcrumb","itemListElement":[{"@type":"ListItem","position":1,"name":"In\u00edcio","item":"https:\/\/farmaciadebora.com\/"},{"@type":"ListItem","position":2,"name":"Shop","item":"https:\/\/farmaciadebora.com\/index.php\/shop\/"},{"@type":"ListItem","position":3,"name":"Picnogenol &#8211; \ud83d\udea830% DE DESCONTO\ud83d\udea8"}]},{"@type":"WebSite","@id":"https:\/\/farmaciadebora.com\/#website","url":"https:\/\/farmaciadebora.com\/","name":"Farm\u00e1cia D\u00e9bora","description":"Manipulados com o melhor pre\u00e7o","publisher":{"@id":"https:\/\/farmaciadebora.com\/#organization"},"potentialAction":[{"@type":"SearchAction","target":{"@type":"EntryPoint","urlTemplate":"https:\/\/farmaciadebora.com\/?s={search_term_string}"},"query-input":"required name=search_term_string"}],"inLanguage":"pt-BR"},{"@type":"Organization","@id":"https:\/\/farmaciadebora.com\/#organization","name":"Farm\u00e1cia D\u00e9bora","url":"https:\/\/farmaciadebora.com\/","logo":{"@type":"ImageObject","inLanguage":"pt-BR","@id":"https:\/\/farmaciadebora.com\/#\/schema\/logo\/image\/","url":"https:\/\/farmaciadebora.com\/wp-content\/uploads\/2023\/05\/cropped-cropped-base_0000_logo.png","contentUrl":"https:\/\/farmaciadebora.com\/wp-content\/uploads\/2023\/05\/cropped-cropped-base_0000_logo.png","width":614,"height":135,"caption":"Farm\u00e1cia D\u00e9bora"},"image":{"@id":"https:\/\/farmaciadebora.com\/#\/schema\/logo\/image\/"},"sameAs":["https:\/\/www.facebook.com\/farmaciadebora","https:\/\/www.instagram.com\/farmacia_debora\/"]}]}},"_links":{"self":[{"href":"https:\/\/farmaciadebora.com\/index.php\/wp-json\/wp\/v2\/product\/93"}],"collection":[{"href":"https:\/\/farmaciadebora.com\/index.php\/wp-json\/wp\/v2\/product"}],"about":[{"href":"https:\/\/farmaciadebora.com\/index.php\/wp-json\/wp\/v2\/types\/product"}],"replies":[{"embeddable":true,"href":"https:\/\/farmaciadebora.com\/index.php\/wp-json\/wp\/v2\/comments?post=93"}],"wp:featuredmedia":[{"embeddable":true,"href":"https:\/\/farmaciadebora.com\/index.php\/wp-json\/wp\/v2\/media\/74"}],"wp:attachment":[{"href":"https:\/\/farmaciadebora.com\/index.php\/wp-json\/wp\/v2\/media?parent=93"}],"wp:term":[{"taxonomy":"product_cat","embeddable":true,"href":"https:\/\/farmaciadebora.com\/index.php\/wp-json\/wp\/v2\/product_cat?post=93"},{"taxonomy":"product_tag","embeddable":true,"href":"https:\/\/farmaciadebora.com\/index.php\/wp-json\/wp\/v2\/product_tag?post=93"}],"curies":[{"name":"wp","href":"https:\/\/api.w.org\/{rel}","templated":true}]}}