{"id":94,"date":"2023-05-27T20:09:33","date_gmt":"2023-05-27T23:09:33","guid":{"rendered":"https:\/\/farmaciadebora.com\/?post_type=product&#038;p=94"},"modified":"2025-01-15T16:57:45","modified_gmt":"2025-01-15T19:57:45","slug":"oli-ola-vitamina-c","status":"publish","type":"product","link":"https:\/\/farmaciadebora.com\/index.php\/product\/oli-ola-vitamina-c\/","title":{"rendered":"Oli-Ola + Vitamina C &#8211; \ud83d\udea830% DE DESCONTO\ud83d\udea8"},"content":{"rendered":"<p>Peeling em c\u00e1psula e poderoso antioxidante<br \/>\nPromove um peeling natural da pele, por\u00e9m sem o desconforto e os riscos oferecidos pelos peelings externos. o procedimento \u00e9 suave e n\u00e3o prejudica a apar\u00eancia pelo ressecamento e descama\u00e7\u00e3o da pele.<br \/>\nO oli- ola tem seu efeito potencializado quando associado a vitamina C que um poderoso antioxidante para a pele, reduz os radicais livres prevenindo o envelhecimento precoce e mantendo a uniformiza\u00e7\u00e3o do tom da pele.<\/p>\n<p><strong>BENEFICIOS:<\/strong><\/p>\n<ul>\n<li>praticidade e seguran\u00e7a;<\/li>\n<li>renova a pele, reduzindo as rugas e linhas de express\u00e3o;<\/li>\n<li>estimula a produ\u00e7\u00e3o de col\u00e1geno dando maior firmeza e elasticidade a pele;<\/li>\n<li>rejuvenesce e combate o envelhecimento;<\/li>\n<li>sem as agress\u00f5es dos peelings comuns como a m\u00e1 cicatriza\u00e7\u00e3o, manchas e inflama\u00e7\u00e3o;<\/li>\n<li>refor\u00e7a o sistema imunol\u00f3gico;<\/li>\n<\/ul>\n<p>&nbsp;<\/p>\n<p><strong>Composi\u00e7\u00e3o:<\/strong>OLI- OLA (olea europaea fruict extract) 300mg + VITAMINA C 200mg<br \/>\n<strong>Modo de usar:<\/strong><br \/>\nTomar 1 c\u00e1psula ao dia<\/p>\n","protected":false},"excerpt":{"rendered":"<p>Peeling em c\u00e1psula e poderoso antioxidante Promove um peeling natural da pele, por\u00e9m sem o desconforto e os riscos oferecidos pelos peelings externos. o procedimento \u00e9 suave e n\u00e3o prejudica a apar\u00eancia pelo ressecamento e descama\u00e7\u00e3o da pele. O oli- ola tem seu efeito potencializado quando associado a vitamina C que um poderoso antioxidante para [&hellip;]<\/p>\n","protected":false},"featured_media":72,"comment_status":"open","ping_status":"closed","template":"","meta":[],"product_cat":[16],"product_tag":[],"yoast_head":"<!-- This site is optimized with the Yoast SEO plugin v21.4 - https:\/\/yoast.com\/wordpress\/plugins\/seo\/ -->\n<title>Oli-Ola + Vitamina C - \ud83d\udea830% DE DESCONTO\ud83d\udea8 - Farm\u00e1cia D\u00e9bora<\/title>\n<meta name=\"robots\" content=\"index, follow, max-snippet:-1, max-image-preview:large, max-video-preview:-1\" \/>\n<link rel=\"canonical\" href=\"https:\/\/farmaciadebora.com\/index.php\/product\/oli-ola-vitamina-c\/\" \/>\n<meta property=\"og:locale\" content=\"pt_BR\" \/>\n<meta property=\"og:type\" content=\"article\" \/>\n<meta property=\"og:title\" content=\"Oli-Ola + Vitamina C - \ud83d\udea830% DE DESCONTO\ud83d\udea8 - Farm\u00e1cia D\u00e9bora\" \/>\n<meta property=\"og:description\" content=\"Peeling em c\u00e1psula e poderoso antioxidante Promove um peeling natural da pele, por\u00e9m sem o desconforto e os riscos oferecidos pelos peelings externos. o procedimento \u00e9 suave e n\u00e3o prejudica a apar\u00eancia pelo ressecamento e descama\u00e7\u00e3o da pele. O oli- ola tem seu efeito potencializado quando associado a vitamina C que um poderoso antioxidante para [&hellip;]\" \/>\n<meta property=\"og:url\" content=\"https:\/\/farmaciadebora.com\/index.php\/product\/oli-ola-vitamina-c\/\" \/>\n<meta property=\"og:site_name\" content=\"Farm\u00e1cia D\u00e9bora\" \/>\n<meta property=\"article:publisher\" content=\"https:\/\/www.facebook.com\/farmaciadebora\" \/>\n<meta property=\"article:modified_time\" content=\"2025-01-15T19:57:45+00:00\" \/>\n<meta property=\"og:image\" content=\"http:\/\/farmaciadebora.com\/wp-content\/uploads\/2023\/05\/OLI-OLA.png\" \/>\n\t<meta property=\"og:image:width\" content=\"550\" \/>\n\t<meta property=\"og:image:height\" content=\"550\" \/>\n\t<meta property=\"og:image:type\" content=\"image\/png\" \/>\n<meta name=\"twitter:card\" content=\"summary_large_image\" \/>\n<meta name=\"twitter:label1\" content=\"Est. tempo de leitura\" \/>\n\t<meta name=\"twitter:data1\" content=\"1 minuto\" \/>\n<script type=\"application\/ld+json\" class=\"yoast-schema-graph\">{\"@context\":\"https:\/\/schema.org\",\"@graph\":[{\"@type\":\"WebPage\",\"@id\":\"https:\/\/farmaciadebora.com\/index.php\/product\/oli-ola-vitamina-c\/\",\"url\":\"https:\/\/farmaciadebora.com\/index.php\/product\/oli-ola-vitamina-c\/\",\"name\":\"Oli-Ola + Vitamina C - \ud83d\udea830% DE DESCONTO\ud83d\udea8 - Farm\u00e1cia D\u00e9bora\",\"isPartOf\":{\"@id\":\"https:\/\/farmaciadebora.com\/#website\"},\"datePublished\":\"2023-05-27T23:09:33+00:00\",\"dateModified\":\"2025-01-15T19:57:45+00:00\",\"breadcrumb\":{\"@id\":\"https:\/\/farmaciadebora.com\/index.php\/product\/oli-ola-vitamina-c\/#breadcrumb\"},\"inLanguage\":\"pt-BR\",\"potentialAction\":[{\"@type\":\"ReadAction\",\"target\":[\"https:\/\/farmaciadebora.com\/index.php\/product\/oli-ola-vitamina-c\/\"]}]},{\"@type\":\"BreadcrumbList\",\"@id\":\"https:\/\/farmaciadebora.com\/index.php\/product\/oli-ola-vitamina-c\/#breadcrumb\",\"itemListElement\":[{\"@type\":\"ListItem\",\"position\":1,\"name\":\"In\u00edcio\",\"item\":\"https:\/\/farmaciadebora.com\/\"},{\"@type\":\"ListItem\",\"position\":2,\"name\":\"Shop\",\"item\":\"https:\/\/farmaciadebora.com\/index.php\/shop\/\"},{\"@type\":\"ListItem\",\"position\":3,\"name\":\"Oli-Ola + Vitamina C &#8211; \ud83d\udea830% DE DESCONTO\ud83d\udea8\"}]},{\"@type\":\"WebSite\",\"@id\":\"https:\/\/farmaciadebora.com\/#website\",\"url\":\"https:\/\/farmaciadebora.com\/\",\"name\":\"Farm\u00e1cia D\u00e9bora\",\"description\":\"Manipulados com o melhor pre\u00e7o\",\"publisher\":{\"@id\":\"https:\/\/farmaciadebora.com\/#organization\"},\"potentialAction\":[{\"@type\":\"SearchAction\",\"target\":{\"@type\":\"EntryPoint\",\"urlTemplate\":\"https:\/\/farmaciadebora.com\/?s={search_term_string}\"},\"query-input\":\"required name=search_term_string\"}],\"inLanguage\":\"pt-BR\"},{\"@type\":\"Organization\",\"@id\":\"https:\/\/farmaciadebora.com\/#organization\",\"name\":\"Farm\u00e1cia D\u00e9bora\",\"url\":\"https:\/\/farmaciadebora.com\/\",\"logo\":{\"@type\":\"ImageObject\",\"inLanguage\":\"pt-BR\",\"@id\":\"https:\/\/farmaciadebora.com\/#\/schema\/logo\/image\/\",\"url\":\"https:\/\/farmaciadebora.com\/wp-content\/uploads\/2023\/05\/cropped-cropped-base_0000_logo.png\",\"contentUrl\":\"https:\/\/farmaciadebora.com\/wp-content\/uploads\/2023\/05\/cropped-cropped-base_0000_logo.png\",\"width\":614,\"height\":135,\"caption\":\"Farm\u00e1cia D\u00e9bora\"},\"image\":{\"@id\":\"https:\/\/farmaciadebora.com\/#\/schema\/logo\/image\/\"},\"sameAs\":[\"https:\/\/www.facebook.com\/farmaciadebora\",\"https:\/\/www.instagram.com\/farmacia_debora\/\"]}]}<\/script>\n<!-- \/ Yoast SEO plugin. -->","yoast_head_json":{"title":"Oli-Ola + Vitamina C - \ud83d\udea830% DE DESCONTO\ud83d\udea8 - Farm\u00e1cia D\u00e9bora","robots":{"index":"index","follow":"follow","max-snippet":"max-snippet:-1","max-image-preview":"max-image-preview:large","max-video-preview":"max-video-preview:-1"},"canonical":"https:\/\/farmaciadebora.com\/index.php\/product\/oli-ola-vitamina-c\/","og_locale":"pt_BR","og_type":"article","og_title":"Oli-Ola + Vitamina C - \ud83d\udea830% DE DESCONTO\ud83d\udea8 - Farm\u00e1cia D\u00e9bora","og_description":"Peeling em c\u00e1psula e poderoso antioxidante Promove um peeling natural da pele, por\u00e9m sem o desconforto e os riscos oferecidos pelos peelings externos. o procedimento \u00e9 suave e n\u00e3o prejudica a apar\u00eancia pelo ressecamento e descama\u00e7\u00e3o da pele. O oli- ola tem seu efeito potencializado quando associado a vitamina C que um poderoso antioxidante para [&hellip;]","og_url":"https:\/\/farmaciadebora.com\/index.php\/product\/oli-ola-vitamina-c\/","og_site_name":"Farm\u00e1cia D\u00e9bora","article_publisher":"https:\/\/www.facebook.com\/farmaciadebora","article_modified_time":"2025-01-15T19:57:45+00:00","og_image":[{"width":550,"height":550,"url":"http:\/\/farmaciadebora.com\/wp-content\/uploads\/2023\/05\/OLI-OLA.png","type":"image\/png"}],"twitter_card":"summary_large_image","twitter_misc":{"Est. tempo de leitura":"1 minuto"},"schema":{"@context":"https:\/\/schema.org","@graph":[{"@type":"WebPage","@id":"https:\/\/farmaciadebora.com\/index.php\/product\/oli-ola-vitamina-c\/","url":"https:\/\/farmaciadebora.com\/index.php\/product\/oli-ola-vitamina-c\/","name":"Oli-Ola + Vitamina C - \ud83d\udea830% DE DESCONTO\ud83d\udea8 - Farm\u00e1cia D\u00e9bora","isPartOf":{"@id":"https:\/\/farmaciadebora.com\/#website"},"datePublished":"2023-05-27T23:09:33+00:00","dateModified":"2025-01-15T19:57:45+00:00","breadcrumb":{"@id":"https:\/\/farmaciadebora.com\/index.php\/product\/oli-ola-vitamina-c\/#breadcrumb"},"inLanguage":"pt-BR","potentialAction":[{"@type":"ReadAction","target":["https:\/\/farmaciadebora.com\/index.php\/product\/oli-ola-vitamina-c\/"]}]},{"@type":"BreadcrumbList","@id":"https:\/\/farmaciadebora.com\/index.php\/product\/oli-ola-vitamina-c\/#breadcrumb","itemListElement":[{"@type":"ListItem","position":1,"name":"In\u00edcio","item":"https:\/\/farmaciadebora.com\/"},{"@type":"ListItem","position":2,"name":"Shop","item":"https:\/\/farmaciadebora.com\/index.php\/shop\/"},{"@type":"ListItem","position":3,"name":"Oli-Ola + Vitamina C &#8211; \ud83d\udea830% DE DESCONTO\ud83d\udea8"}]},{"@type":"WebSite","@id":"https:\/\/farmaciadebora.com\/#website","url":"https:\/\/farmaciadebora.com\/","name":"Farm\u00e1cia D\u00e9bora","description":"Manipulados com o melhor pre\u00e7o","publisher":{"@id":"https:\/\/farmaciadebora.com\/#organization"},"potentialAction":[{"@type":"SearchAction","target":{"@type":"EntryPoint","urlTemplate":"https:\/\/farmaciadebora.com\/?s={search_term_string}"},"query-input":"required name=search_term_string"}],"inLanguage":"pt-BR"},{"@type":"Organization","@id":"https:\/\/farmaciadebora.com\/#organization","name":"Farm\u00e1cia D\u00e9bora","url":"https:\/\/farmaciadebora.com\/","logo":{"@type":"ImageObject","inLanguage":"pt-BR","@id":"https:\/\/farmaciadebora.com\/#\/schema\/logo\/image\/","url":"https:\/\/farmaciadebora.com\/wp-content\/uploads\/2023\/05\/cropped-cropped-base_0000_logo.png","contentUrl":"https:\/\/farmaciadebora.com\/wp-content\/uploads\/2023\/05\/cropped-cropped-base_0000_logo.png","width":614,"height":135,"caption":"Farm\u00e1cia D\u00e9bora"},"image":{"@id":"https:\/\/farmaciadebora.com\/#\/schema\/logo\/image\/"},"sameAs":["https:\/\/www.facebook.com\/farmaciadebora","https:\/\/www.instagram.com\/farmacia_debora\/"]}]}},"_links":{"self":[{"href":"https:\/\/farmaciadebora.com\/index.php\/wp-json\/wp\/v2\/product\/94"}],"collection":[{"href":"https:\/\/farmaciadebora.com\/index.php\/wp-json\/wp\/v2\/product"}],"about":[{"href":"https:\/\/farmaciadebora.com\/index.php\/wp-json\/wp\/v2\/types\/product"}],"replies":[{"embeddable":true,"href":"https:\/\/farmaciadebora.com\/index.php\/wp-json\/wp\/v2\/comments?post=94"}],"wp:featuredmedia":[{"embeddable":true,"href":"https:\/\/farmaciadebora.com\/index.php\/wp-json\/wp\/v2\/media\/72"}],"wp:attachment":[{"href":"https:\/\/farmaciadebora.com\/index.php\/wp-json\/wp\/v2\/media?parent=94"}],"wp:term":[{"taxonomy":"product_cat","embeddable":true,"href":"https:\/\/farmaciadebora.com\/index.php\/wp-json\/wp\/v2\/product_cat?post=94"},{"taxonomy":"product_tag","embeddable":true,"href":"https:\/\/farmaciadebora.com\/index.php\/wp-json\/wp\/v2\/product_tag?post=94"}],"curies":[{"name":"wp","href":"https:\/\/api.w.org\/{rel}","templated":true}]}}